{"id":48,"date":"2022-12-15T15:55:04","date_gmt":"2022-12-15T14:55:04","guid":{"rendered":"http:\/\/tsvmuehlhausen.com\/?page_id=48"},"modified":"2023-03-28T17:35:04","modified_gmt":"2023-03-28T15:35:04","slug":"kontakt","status":"publish","type":"page","link":"https:\/\/tsvmuehlhausen.com\/?page_id=48","title":{"rendered":"Kontakt"},"content":{"rendered":"<p>&nbsp;<\/p>\n<p>Turn- und Sportverein M\u00fchlhausen e.V.<\/p>\n<p>Jahnweg 2<\/p>\n<p>86444 Affing-M\u00fchlhausen<\/p>\n<p>Telefon: 08207-1329<\/p>\n<p>E-Mail: <a href=\"mailto:info@tsvmuehlhausen.com\">info@tsvmuehlhausen.com<\/a><\/p>\n<p>&nbsp;<\/p>\n<p>Wir sind telefonisch und per E-Mail f\u00fcr Sie erreichbar. Informationen zu unseren \u00d6ffnungszeiten finden Sie auf unserer Website. Besuchen Sie uns auch auf unserer Internetseite, um immer auf dem neuesten Stand zu bleiben.<\/p>\n<p>&nbsp;<\/p>\n","protected":false},"excerpt":{"rendered":"<p>&nbsp; Turn- und Sportverein M\u00fchlhausen e.V. Jahnweg 2 86444 Affing-M\u00fchlhausen Telefon: 08207-1329 E-Mail: info@tsvmuehlhausen.com &nbsp; Wir sind telefonisch und per E-Mail f\u00fcr Sie erreichbar. Informationen zu unseren \u00d6ffnungszeiten finden Sie [&hellip;]<\/p>\n","protected":false},"author":3,"featured_media":0,"parent":0,"menu_order":0,"comment_status":"closed","ping_status":"closed","template":"","meta":{"_acf_changed":false,"footnotes":""},"class_list":["post-48","page","type-page","status-publish","hentry"],"acf":[],"_links":{"self":[{"href":"https:\/\/tsvmuehlhausen.com\/index.php?rest_route=\/wp\/v2\/pages\/48","targetHints":{"allow":["GET"]}}],"collection":[{"href":"https:\/\/tsvmuehlhausen.com\/index.php?rest_route=\/wp\/v2\/pages"}],"about":[{"href":"https:\/\/tsvmuehlhausen.com\/index.php?rest_route=\/wp\/v2\/types\/page"}],"author":[{"embeddable":true,"href":"https:\/\/tsvmuehlhausen.com\/index.php?rest_route=\/wp\/v2\/users\/3"}],"replies":[{"embeddable":true,"href":"https:\/\/tsvmuehlhausen.com\/index.php?rest_route=%2Fwp%2Fv2%2Fcomments&post=48"}],"version-history":[{"count":3,"href":"https:\/\/tsvmuehlhausen.com\/index.php?rest_route=\/wp\/v2\/pages\/48\/revisions"}],"predecessor-version":[{"id":1124,"href":"https:\/\/tsvmuehlhausen.com\/index.php?rest_route=\/wp\/v2\/pages\/48\/revisions\/1124"}],"wp:attachment":[{"href":"https:\/\/tsvmuehlhausen.com\/index.php?rest_route=%2Fwp%2Fv2%2Fmedia&parent=48"}],"curies":[{"name":"wp","href":"https:\/\/api.w.org\/{rel}","templated":true}]}}