{"id":49,"date":"2022-12-15T15:55:04","date_gmt":"2022-12-15T14:55:04","guid":{"rendered":"http:\/\/tsvmuehlhausen.com\/?page_id=49"},"modified":"2023-03-28T17:39:34","modified_gmt":"2023-03-28T15:39:34","slug":"impressum","status":"publish","type":"page","link":"https:\/\/tsvmuehlhausen.com\/?page_id=49","title":{"rendered":"Impressum"},"content":{"rendered":"<p>&nbsp;<\/p>\n<p>Turn- und Sportverein M\u00fchlhausen e.V.<br \/>\nJahnweg 2<br \/>\n86444 Affing-M\u00fchlhausen<br \/>\nTelefon im Sportheim: <a href=\"tel:082071329\">08207 1329<\/a><\/p>\n<p><strong>Internet:<\/strong> <a href=\"http:\/\/www.tsvmuehlhausen.com\">http:\/\/www.tsvmuehlhausen.com<\/a><br \/>\n<strong>E-Mail:<\/strong> <a href=\"mailto:info@tsvmuehlhausen.com\">info@tsvmuehlhausen.com<\/a><\/p>\n<p><strong>1. Vorstand:<\/strong> Hans Tischer<br \/>\n<strong>2. Vorstand:<\/strong> Matthias Mayr<br \/>\n<strong>3. Vorstand:<\/strong> Daniel becker<\/p>\n<p>Eingetragen im Vereinsregister des Amtsgerichts Aichach<br \/>\n<strong>Registernummer:<\/strong> VR 10072<\/p>\n<p>Mitglied des Bayerischen Landessportverbandes (BLSV)<br \/>\n<strong>Vereinsnummer:<\/strong> V70559<\/p>\n<p><strong>Steuer-Nr.:<\/strong> 102\/111\/10169 FA Augsburg-Land<br \/>\n<strong>USt-IdNr.:<\/strong> DE 208186571<\/p>\n<p>&nbsp;<\/p>\n<h2>Haftungshinweis:<\/h2>\n<p>&nbsp;<\/p>\n<p>Die Inhalte dieser Website wurden mit gr\u00f6\u00dfter Sorgfalt erstellt und werden regelm\u00e4\u00dfig \u00fcberpr\u00fcft. Dennoch kann keine Gew\u00e4hr f\u00fcr die Richtigkeit, Vollst\u00e4ndigkeit und Aktualit\u00e4t der bereitgestellten Informationen \u00fcbernommen werden.<\/p>\n<p>&nbsp;<\/p>\n<h4>Haftung f\u00fcr Inhalte:<\/h4>\n<p>Als Dienstanbieter bin ich gem\u00e4\u00df \u00a7 7 Abs.1 TMG f\u00fcr eigene Inhalte auf diesen Seiten nach den allgemeinen Gesetzen verantwortlich. Nach \u00a7\u00a7 8 bis 10 TMG bin ich als Dienstanbieter jedoch nicht verpflichtet, \u00fcbermittelte oder gespeicherte fremde Informationen zu \u00fcberwachen. Bei Bekanntwerden von Rechtsverletzungen werde ich diese Inhalte umgehend entfernen. Eine Haftung f\u00fcr Sch\u00e4den, die sich aus der Nutzung oder Nichtnutzung der auf dieser Website angebotenen Inhalte ergeben, ist ausgeschlossen, soweit diese nicht auf Vorsatz oder grober Fahrl\u00e4ssigkeit beruhen.<\/p>\n<h4>Haftung f\u00fcr Links:<\/h4>\n<p>Diese Website enth\u00e4lt Links zu externen Websites Dritter, auf deren Inhalte kein Einfluss besteht. F\u00fcr die Inhalte der verlinkten Seiten ist stets der jeweilige Anbieter oder Betreiber der Seiten verantwortlich. Eine \u00dcberpr\u00fcfung der verlinkten Seiten zum Zeitpunkt der Verlinkung auf m\u00f6gliche Rechtsverst\u00f6\u00dfe wurde durchgef\u00fchrt. Zum Zeitpunkt der Verlinkung waren keine illegalen Inhalte erkennbar. Eine permanente inhaltliche Kontrolle der verlinkten Seiten ist jedoch ohne konkrete Anhaltspunkte einer Rechtsverletzung nicht zumutbar. Bei Bekanntwerden von Rechtsverletzungen werde ich diese Links umgehend entfernen.<\/p>\n<h4>Urheberrecht:<\/h4>\n<p>Die durch den Dienstanbieter auf dieser Website erstellten Inhalte und Werke unterliegen dem deutschen Urheberrecht. Die Vervielf\u00e4ltigung, Bearbeitung, Verbreitung und jede Art der Verwertung au\u00dferhalb der Grenzen des Urheberrechts bed\u00fcrfen der schriftlichen Zustimmung des jeweiligen Autors bzw. Erstellers. Downloads und Kopien dieser Website sind nur f\u00fcr den privaten, nicht kommerziellen Gebrauch gestattet. Soweit die Inhalte auf dieser Website nicht vom Dienstanbieter erstellt wurden, werden die Urheberrechte Dritter beachtet. Insbesondere werden Inhalte Dritter als solche gekennzeichnet. Sollten Sie trotzdem auf eine Urheberrechtsverletzung aufmerksam werden, bitte ich um einen entsprechenden Hinweis. Bei Bekanntwerden von Rechtsverletzungen werde ich diese Inhalte umgehend entfernen.<\/p>\n<p>&nbsp;<\/p>\n<p>Dieser Haftungshinweis gilt f\u00fcr alle auf dieser Website angezeigten Inhalte und Links.<\/p>\n<p>&nbsp;<\/p>\n","protected":false},"excerpt":{"rendered":"<p>&nbsp; Turn- und Sportverein M\u00fchlhausen e.V. Jahnweg 2 86444 Affing-M\u00fchlhausen Telefon im Sportheim: 08207 1329 Internet: http:\/\/www.tsvmuehlhausen.com E-Mail: info@tsvmuehlhausen.com 1. Vorstand: Hans Tischer 2. Vorstand: Matthias Mayr 3. Vorstand: Daniel [&hellip;]<\/p>\n","protected":false},"author":3,"featured_media":0,"parent":0,"menu_order":0,"comment_status":"closed","ping_status":"closed","template":"","meta":{"_acf_changed":false,"footnotes":""},"class_list":["post-49","page","type-page","status-publish","hentry"],"acf":[],"_links":{"self":[{"href":"https:\/\/tsvmuehlhausen.com\/index.php?rest_route=\/wp\/v2\/pages\/49","targetHints":{"allow":["GET"]}}],"collection":[{"href":"https:\/\/tsvmuehlhausen.com\/index.php?rest_route=\/wp\/v2\/pages"}],"about":[{"href":"https:\/\/tsvmuehlhausen.com\/index.php?rest_route=\/wp\/v2\/types\/page"}],"author":[{"embeddable":true,"href":"https:\/\/tsvmuehlhausen.com\/index.php?rest_route=\/wp\/v2\/users\/3"}],"replies":[{"embeddable":true,"href":"https:\/\/tsvmuehlhausen.com\/index.php?rest_route=%2Fwp%2Fv2%2Fcomments&post=49"}],"version-history":[{"count":9,"href":"https:\/\/tsvmuehlhausen.com\/index.php?rest_route=\/wp\/v2\/pages\/49\/revisions"}],"predecessor-version":[{"id":1126,"href":"https:\/\/tsvmuehlhausen.com\/index.php?rest_route=\/wp\/v2\/pages\/49\/revisions\/1126"}],"wp:attachment":[{"href":"https:\/\/tsvmuehlhausen.com\/index.php?rest_route=%2Fwp%2Fv2%2Fmedia&parent=49"}],"curies":[{"name":"wp","href":"https:\/\/api.w.org\/{rel}","templated":true}]}}