{"id":50,"date":"2022-12-15T15:55:04","date_gmt":"2022-12-15T14:55:04","guid":{"rendered":"http:\/\/tsvmuehlhausen.com\/?page_id=50"},"modified":"2023-03-31T17:44:51","modified_gmt":"2023-03-31T15:44:51","slug":"datenschutz","status":"publish","type":"page","link":"https:\/\/tsvmuehlhausen.com\/?page_id=50","title":{"rendered":"Datenschutz"},"content":{"rendered":"<p>&nbsp;<\/p>\n<p>Der Schutz Ihrer personenbezogenen Daten ist uns als TSV M\u00fchlhausen sehr wichtig. Wir m\u00f6chten Sie daher \u00fcber die Art, den Umfang und den Zweck der Erhebung und Verwendung Ihrer Daten auf unserer Website informieren.<\/p>\n<p>&nbsp;<\/p>\n<h3>1. Verantwortlicher f\u00fcr die Datenverarbeitung<\/h3>\n<p>Verantwortlicher im Sinne der Datenschutz-Grundverordnung (DSGVO) ist der TSV M\u00fchlhausen, vertreten durch den Vorstand. Sie k\u00f6nnen uns unter folgender Adresse kontaktieren: TSV M\u00fchlhausen, Jahnweg 2, 86444 M\u00fchlhausen, E-Mail: <a href=\"mailto:info@tsvmuehlhausen.com\">info@tsvmuehlhausen.com<\/a>.<\/p>\n<p>&nbsp;<\/p>\n<h3>2. Erhebung und Verwendung personenbezogener Daten<\/h3>\n<p>&nbsp;<\/p>\n<ol>\n<li>\n<h4>Beim Besuch der Website<\/h4>\n<p>Beim Besuch unserer Website werden automatisch technische Daten erhoben, die f\u00fcr die Nutzung der Website erforderlich sind. Diese Daten beinhalten die IP-Adresse, Datum und Uhrzeit des Zugriffs, die aufgerufene Seite oder Datei, die \u00fcbertragene Datenmenge sowie den Browsertyp und die Browserversion. Wir nutzen diese Daten ausschlie\u00dflich zur Fehlerdiagnose und zur Optimierung unserer Website. Eine Zusammenf\u00fchrung dieser Daten mit anderen Datenquellen wird nicht vorgenommen.<\/li>\n<li>\n<h4>Bei der Registrierung<\/h4>\n<p>Bei einer Registrierung auf unserer Website erheben und speichern wir die von Ihnen angegebenen personenbezogenen Daten wie Name, Adresse, E-Mail-Adresse und Telefonnummer. Wir verwenden diese Daten ausschlie\u00dflich zur Abwicklung Ihrer Anmeldung und zur Kommunikation mit Ihnen im Zusammenhang mit der Nutzung unserer Website. Wir speichern Ihre Daten so lange, wie dies f\u00fcr die Erf\u00fcllung des Zwecks erforderlich ist.<\/li>\n<li>\n<h4>Bei der Nutzung des Kontaktformulars<\/h4>\n<p>Wenn Sie uns \u00fcber das Kontaktformular auf unserer Website kontaktieren, erheben und speichern wir die von Ihnen angegebenen personenbezogenen Daten wie Name, E-Mail-Adresse und Telefonnummer. Wir verwenden diese Daten ausschlie\u00dflich zur Beantwortung Ihrer Anfrage und zur Kommunikation mit Ihnen im Zusammenhang mit Ihrer Anfrage.<\/li>\n<\/ol>\n<p>&nbsp;<\/p>\n<h3>3. Weitergabe personenbezogener Daten<\/h3>\n<p>Wir geben Ihre personenbezogenen Daten grunds\u00e4tzlich nicht an Dritte weiter, es sei denn, wir sind gesetzlich dazu verpflichtet oder es ist zur Abwicklung Ihrer Anfrage oder Bestellung erforderlich. In diesem Fall erfolgt die Weitergabe nur an die entsprechenden Empf\u00e4nger, die zur Erf\u00fcllung des Zwecks erforderlich sind.<\/p>\n<p>&nbsp;<\/p>\n<h3>4. Cookies<\/h3>\n<p>Unsere Website verwendet Cookies, welche auf <a href=\"http:\/\/tsvmuehlhausen.com\/cookies\/\">Cookies<\/a> eingesehen werden k\u00f6nnen.<\/p>\n<p>&nbsp;<\/p>\n<h3>5. Ihre Rechte<\/h3>\n<p>Sie haben das Recht auf Auskunft, Berichtigung, L\u00f6schung und Einschr\u00e4nkung der Verarbeitung Ihrer personenbezogenen Daten. Dar\u00fcber hinaus haben Sie das Recht auf Daten\u00fcbertragbarkeit sowie das Recht, der Verarbeitung Ihrer personenbezogenen Daten zu widersprechen. Wenn Sie eines dieser Rechte aus\u00fcben m\u00f6chten, k\u00f6nnen Sie uns unter den in Abschnitt 1 genannten Kontaktdaten kontaktieren. Wenn Sie der Ansicht sind, dass die Verarbeitung Ihrer personenbezogenen Daten gegen die Datenschutz-Grundverordnung verst\u00f6\u00dft, haben Sie das Recht, eine Beschwerde bei der zust\u00e4ndigen Aufsichtsbeh\u00f6rde einzureichen.<\/p>\n<p>&nbsp;<\/p>\n<h3>6. \u00c4nderungen der Datenschutzerkl\u00e4rung<\/h3>\n<p>Wir behalten uns das Recht vor, diese Datenschutzerkl\u00e4rung jederzeit zu \u00e4ndern. Die jeweils aktuelle Version finden Sie auf unserer Website. Wir empfehlen Ihnen daher, regelm\u00e4\u00dfig die Datenschutzerkl\u00e4rung zu \u00fcberpr\u00fcfen. Sollten wesentliche \u00c4nderungen vorgenommen werden, werden wir Sie durch eine Mitteilung auf unserer Website darauf hinweisen.<\/p>\n<p>&nbsp;<\/p>\n<p>Stand 01. April 2023<\/p>\n","protected":false},"excerpt":{"rendered":"<p>&nbsp; Der Schutz Ihrer personenbezogenen Daten ist uns als TSV M\u00fchlhausen sehr wichtig. Wir m\u00f6chten Sie daher \u00fcber die Art, den Umfang und den Zweck der Erhebung und Verwendung Ihrer [&hellip;]<\/p>\n","protected":false},"author":3,"featured_media":0,"parent":0,"menu_order":0,"comment_status":"closed","ping_status":"closed","template":"","meta":{"_acf_changed":false,"footnotes":""},"class_list":["post-50","page","type-page","status-publish","hentry"],"acf":[],"_links":{"self":[{"href":"https:\/\/tsvmuehlhausen.com\/index.php?rest_route=\/wp\/v2\/pages\/50","targetHints":{"allow":["GET"]}}],"collection":[{"href":"https:\/\/tsvmuehlhausen.com\/index.php?rest_route=\/wp\/v2\/pages"}],"about":[{"href":"https:\/\/tsvmuehlhausen.com\/index.php?rest_route=\/wp\/v2\/types\/page"}],"author":[{"embeddable":true,"href":"https:\/\/tsvmuehlhausen.com\/index.php?rest_route=\/wp\/v2\/users\/3"}],"replies":[{"embeddable":true,"href":"https:\/\/tsvmuehlhausen.com\/index.php?rest_route=%2Fwp%2Fv2%2Fcomments&post=50"}],"version-history":[{"count":15,"href":"https:\/\/tsvmuehlhausen.com\/index.php?rest_route=\/wp\/v2\/pages\/50\/revisions"}],"predecessor-version":[{"id":1265,"href":"https:\/\/tsvmuehlhausen.com\/index.php?rest_route=\/wp\/v2\/pages\/50\/revisions\/1265"}],"wp:attachment":[{"href":"https:\/\/tsvmuehlhausen.com\/index.php?rest_route=%2Fwp%2Fv2%2Fmedia&parent=50"}],"curies":[{"name":"wp","href":"https:\/\/api.w.org\/{rel}","templated":true}]}}